{"id":83,"date":"2023-01-19T18:59:26","date_gmt":"2023-01-19T17:59:26","guid":{"rendered":"http:\/\/jhqrydd.cluster029.hosting.ovh.net\/?page_id=83"},"modified":"2024-03-07T23:24:22","modified_gmt":"2024-03-07T22:24:22","slug":"qui-suis-je","status":"publish","type":"page","link":"https:\/\/psychologue-valkenborgh.be\/index.php\/qui-suis-je\/","title":{"rendered":"\u00c0 propos de moi"},"content":{"rendered":"\n<p>Je m\u2019appelle <strong>Marie-Claire Valkenborgh<\/strong>.<\/p>\n\n\n\n<p>Je suis <strong>dipl\u00f4m\u00e9e de l\u2019Universit\u00e9 de Li\u00e8ge en psychologie<\/strong> (2008) et en gestion des ressources humaines (2010).<\/p>\n\n\n<div class=\"wp-block-image\">\n<figure class=\"aligncenter size-large is-resized\"><a href=\"https:\/\/www.fplse.uliege.be\/cms\/c_4037467\/en\/faculte-de-psychologie-logo-et-sc-de-l-education\"><img loading=\"lazy\" decoding=\"async\" width=\"1024\" height=\"448\" src=\"http:\/\/psychologue-valkenborgh.be\/wp-content\/uploads\/2024\/03\/University_of_Liege_logo.svg_-1024x448.png\" alt=\"Logo : Universit\u00e9 de Li\u00e8ge\" class=\"wp-image-137\" style=\"width:226px;height:auto\" srcset=\"https:\/\/psychologue-valkenborgh.be\/wp-content\/uploads\/2024\/03\/University_of_Liege_logo.svg_-1024x448.png 1024w, https:\/\/psychologue-valkenborgh.be\/wp-content\/uploads\/2024\/03\/University_of_Liege_logo.svg_-300x131.png 300w, https:\/\/psychologue-valkenborgh.be\/wp-content\/uploads\/2024\/03\/University_of_Liege_logo.svg_-768x336.png 768w, https:\/\/psychologue-valkenborgh.be\/wp-content\/uploads\/2024\/03\/University_of_Liege_logo.svg_-1536x672.png 1536w, https:\/\/psychologue-valkenborgh.be\/wp-content\/uploads\/2024\/03\/University_of_Liege_logo.svg_-2048x896.png 2048w\" sizes=\"auto, (max-width: 706px) 89vw, (max-width: 767px) 82vw, 740px\" \/><\/a><\/figure>\n<\/div>\n\n\n<p>Depuis toute petite, je porte un int\u00e9r\u00eat particulier au bien-\u00eatre psychologique individuel, dans les relations interpersonnelles et au travail. Je m\u2019int\u00e9resse aussi beaucoup \u00e0 l\u2019am\u00e9lioration des syst\u00e8mes et proc\u00e9dures.<\/p>\n\n\n\n<p>Apr\u00e8s avoir travaill\u00e9 en entreprise en tant que gestionnaire des ressources humaines et assistante de direction, j\u2019ai repris des cours de <strong>psychologie clinique<\/strong> \u00e0 l\u2019universit\u00e9 de Li\u00e8ge et des formations \u00e0 la <strong>th\u00e9rapie br\u00e8ve<\/strong>, <strong>syst\u00e9mique et strat\u00e9gique<\/strong>, \u00e0 l\u2019<strong>Institut Gr\u00e9gory Bateson<\/strong> \u00e0 Li\u00e8ge (IGB). J\u2019aime apprendre et continuer \u00e0 me former.<\/p>\n\n\n\n<p>Les <strong>valeurs<\/strong> qui encadrent mon travail sont le <strong>respect<\/strong>, notamment le respect des valeurs et croyances de la personne qui consulte, la <strong>bienveillance<\/strong> et la <strong>discr\u00e9tion<\/strong>.<\/p>\n\n\n\n<h2 class=\"wp-block-heading\">Inscription \u00e0 la Commission des Psychologues<\/h2>\n\n\n<div class=\"wp-block-image\">\n<figure class=\"aligncenter size-full is-resized\"><a href=\"https:\/\/www.compsy.be\/fr\/profile\/public-profile\/13306\"><img loading=\"lazy\" decoding=\"async\" width=\"735\" height=\"325\" src=\"http:\/\/psychologue-valkenborgh.be\/wp-content\/uploads\/2024\/03\/ComissionPsy.png\" alt=\"Psychologencommissie Commission des Psychologues Marie-Claire VALKENBORGH Num\u00e9ro d'inscription: 842213354 est inscrit \u00e0 la Commission des Psychologues en tant que psychologue et peut, d\u00e8s lors, porter le titre prot\u00e9g\u00e9 par la loi.\" class=\"wp-image-133\" style=\"width:565px;height:auto\" srcset=\"https:\/\/psychologue-valkenborgh.be\/wp-content\/uploads\/2024\/03\/ComissionPsy.png 735w, https:\/\/psychologue-valkenborgh.be\/wp-content\/uploads\/2024\/03\/ComissionPsy-300x133.png 300w\" sizes=\"auto, (max-width: 735px) 100vw, 735px\" \/><\/a><\/figure>\n<\/div>\n\n\n<h2 class=\"wp-block-heading\">Formations \u00e0 l&rsquo;Institut Gregory Bateson<\/h2>\n\n\n<div class=\"wp-block-image\">\n<figure class=\"aligncenter size-full is-resized\"><a href=\"https:\/\/www.igb-mri.com\/avada_portfolio\/cursus-clinique\/\"><img loading=\"lazy\" decoding=\"async\" width=\"400\" height=\"400\" src=\"http:\/\/psychologue-valkenborgh.be\/wp-content\/uploads\/2024\/03\/logo-carre-400x400-1.png\" alt=\"Logo : Institut Gregory Bateson\" class=\"wp-image-136\" style=\"width:118px;height:auto\" srcset=\"https:\/\/psychologue-valkenborgh.be\/wp-content\/uploads\/2024\/03\/logo-carre-400x400-1.png 400w, https:\/\/psychologue-valkenborgh.be\/wp-content\/uploads\/2024\/03\/logo-carre-400x400-1-300x300.png 300w, https:\/\/psychologue-valkenborgh.be\/wp-content\/uploads\/2024\/03\/logo-carre-400x400-1-150x150.png 150w, https:\/\/psychologue-valkenborgh.be\/wp-content\/uploads\/2024\/03\/logo-carre-400x400-1-100x100.png 100w\" sizes=\"auto, (max-width: 400px) 100vw, 400px\" \/><\/a><\/figure>\n<\/div>\n\n\n<p>Modules suivis&nbsp;:<\/p>\n\n\n\n<ul class=\"wp-block-list\">\n<li>Module 6a \u201cG\u00e9rer la relation avec des personnes pr\u00e9sentant des troubles de la personnalit\u00e9 ou des sympt\u00f4mes envahissants : travaux pratiques\u201d<\/li>\n\n\n\n<li>Module 6 \u201cPsychiatrie et psychoth\u00e9rapie : une approche interactionnelle et strat\u00e9gique de la &lsquo;psychopathologie&rsquo;.\u201d<\/li>\n\n\n\n<li>Module 5 \u00ab\u00a0La pens\u00e9e syst\u00e9mique et ses implications. R\u00e9flexion critique autour des pr\u00e9misses qui sous-tendent notre mod\u00e8le d&rsquo;intervention.\u00a0\u00bb<\/li>\n\n\n\n<li>Module 4 \u201dMa\u00eetrise de l&rsquo;entretien. Int\u00e9gration du mod\u00e8le syst\u00e9mique et strat\u00e9gique par la pratique.\u201d<\/li>\n\n\n\n<li>Module 3 \u201cLe C\u0153ur et la Raison. Comment prendre en compte la dimension \u00e9motionnelle des probl\u00e8mes dans l&rsquo;\u00e9laboration des strat\u00e9gies d&rsquo;intervention ?\u201d<\/li>\n\n\n\n<li>Module Observation \u201cObservation comment\u00e9e, en direct, d&rsquo;entretiens cliniques conduits par des th\u00e9rapeutes exp\u00e9riment\u00e9s \u00e0 l&rsquo;IGB.\u201d<\/li>\n\n\n\n<li>Module 2 \u201cLe questionnement strat\u00e9gique, la conduite d\u2019entretiens et les grandes logiques de probl\u00e8mes\u201d<\/li>\n\n\n\n<li>Module 1 \u201cL\u2019approche interactionnelle et strat\u00e9gique de Palo Alto : une vision globale\u201d<\/li>\n<\/ul>\n","protected":false},"excerpt":{"rendered":"<p>Je m\u2019appelle Marie-Claire Valkenborgh. Je suis dipl\u00f4m\u00e9e de l\u2019Universit\u00e9 de Li\u00e8ge en psychologie (2008) et en gestion des ressources humaines (2010). Depuis toute petite, je porte un int\u00e9r\u00eat particulier au bien-\u00eatre psychologique individuel, dans les relations interpersonnelles et au travail. Je m\u2019int\u00e9resse aussi beaucoup \u00e0 l\u2019am\u00e9lioration des syst\u00e8mes et proc\u00e9dures. Apr\u00e8s avoir travaill\u00e9 en entreprise &hellip; <\/p>\n<p class=\"link-more\"><a href=\"https:\/\/psychologue-valkenborgh.be\/index.php\/qui-suis-je\/\" class=\"more-link\">Continuer la lecture<span class=\"screen-reader-text\"> de &laquo;&nbsp;\u00c0 propos de moi&nbsp;&raquo;<\/span><\/a><\/p>\n","protected":false},"author":1,"featured_media":7,"parent":0,"menu_order":0,"comment_status":"closed","ping_status":"closed","template":"","meta":{"footnotes":""},"class_list":["post-83","page","type-page","status-publish","has-post-thumbnail","hentry"],"_links":{"self":[{"href":"https:\/\/psychologue-valkenborgh.be\/index.php\/wp-json\/wp\/v2\/pages\/83","targetHints":{"allow":["GET"]}}],"collection":[{"href":"https:\/\/psychologue-valkenborgh.be\/index.php\/wp-json\/wp\/v2\/pages"}],"about":[{"href":"https:\/\/psychologue-valkenborgh.be\/index.php\/wp-json\/wp\/v2\/types\/page"}],"author":[{"embeddable":true,"href":"https:\/\/psychologue-valkenborgh.be\/index.php\/wp-json\/wp\/v2\/users\/1"}],"replies":[{"embeddable":true,"href":"https:\/\/psychologue-valkenborgh.be\/index.php\/wp-json\/wp\/v2\/comments?post=83"}],"version-history":[{"count":11,"href":"https:\/\/psychologue-valkenborgh.be\/index.php\/wp-json\/wp\/v2\/pages\/83\/revisions"}],"predecessor-version":[{"id":145,"href":"https:\/\/psychologue-valkenborgh.be\/index.php\/wp-json\/wp\/v2\/pages\/83\/revisions\/145"}],"wp:featuredmedia":[{"embeddable":true,"href":"https:\/\/psychologue-valkenborgh.be\/index.php\/wp-json\/wp\/v2\/media\/7"}],"wp:attachment":[{"href":"https:\/\/psychologue-valkenborgh.be\/index.php\/wp-json\/wp\/v2\/media?parent=83"}],"curies":[{"name":"wp","href":"https:\/\/api.w.org\/{rel}","templated":true}]}}