{"id":42,"date":"2023-01-19T17:53:27","date_gmt":"2023-01-19T16:53:27","guid":{"rendered":"http:\/\/jhqrydd.cluster029.hosting.ovh.net\/?page_id=42"},"modified":"2024-03-07T16:04:17","modified_gmt":"2024-03-07T15:04:17","slug":"consultations","status":"publish","type":"page","link":"https:\/\/psychologue-valkenborgh.be\/index.php\/consultations\/","title":{"rendered":"Contact"},"content":{"rendered":"\n<p>Sur rendez-vous, deux adresses<\/p>\n\n\n\n<h2 class=\"wp-block-heading\">Centre de th\u00e9rapie br\u00e8ve<\/h2>\n\n\n\n<p>Rue Royale 3, <br>4690 Bassenge<\/p>\n\n\n\n<iframe src=\"https:\/\/www.google.com\/maps\/embed?pb=!1m18!1m12!1m3!1d2523.9024488035343!2d5.607769515742584!3d50.75884247951915!2m3!1f0!2f0!3f0!3m2!1i1024!2i768!4f13.1!3m3!1m2!1s0x47c0ef7c34c309ad%3A0xe76478c7a2255dd8!2sRue%20Royale%203%2C%204690%20Bassenge%2C%20Belgique!5e0!3m2!1sfr!2sfr!4v1674151891604!5m2!1sfr!2sfr\" style=\"border:0;\" allowfullscreen=\"\" loading=\"lazy\" referrerpolicy=\"no-referrer-when-downgrade\" width=\"600\" height=\"450\"><\/iframe>\n\n\n\n<h2 class=\"wp-block-heading\">Cabinet de Seraing<\/h2>\n\n\n\n<p>Rue Edison 36, <br>4100 Seraing<\/p>\n\n\n\n<iframe src=\"https:\/\/www.google.com\/maps\/embed?pb=!1m18!1m12!1m3!1d2533.587778900312!2d5.492661015926868!3d50.57902758597266!2m3!1f0!2f0!3f0!3m2!1i1024!2i768!4f13.1!3m3!1m2!1s0x47c0f8e829d52749%3A0x8b1ab42e98500807!2sRue%20Edison%2036%2C%204100%20Seraing%2C%20Belgique!5e0!3m2!1sfr!2sfr!4v1674152081244!5m2!1sfr!2sfr\" style=\"border:0;\" allowfullscreen=\"\" loading=\"lazy\" referrerpolicy=\"no-referrer-when-downgrade\" width=\"600\" height=\"450\"><\/iframe>\n\n\n\n<h2 class=\"wp-block-heading\">Mes coordonn\u00e9es<\/h2>\n\n\n\n<p>T\u00e9l\u00e9phone&nbsp;: 0485\/84.01.65<\/p>\n\n\n\n<p><\/p>\n\n\n\n<figure class=\"wp-block-image size-full\"><img loading=\"lazy\" decoding=\"async\" width=\"673\" height=\"250\" src=\"http:\/\/jhqrydd.cluster029.hosting.ovh.net\/wp-content\/uploads\/2024\/03\/cropped-2023_marie_claire_v_logo_RC-1.png\" alt=\"Marie-Claire Valkenborgh Psychologue\" class=\"wp-image-112\" srcset=\"https:\/\/psychologue-valkenborgh.be\/wp-content\/uploads\/2024\/03\/cropped-2023_marie_claire_v_logo_RC-1.png 673w, https:\/\/psychologue-valkenborgh.be\/wp-content\/uploads\/2024\/03\/cropped-2023_marie_claire_v_logo_RC-1-300x111.png 300w\" sizes=\"auto, (max-width: 673px) 100vw, 673px\" \/><\/figure>\n","protected":false},"excerpt":{"rendered":"<p>Sur rendez-vous, deux adresses Centre de th\u00e9rapie br\u00e8ve Rue Royale 3, 4690 Bassenge Cabinet de Seraing Rue Edison 36, 4100 Seraing Mes coordonn\u00e9es T\u00e9l\u00e9phone&nbsp;: 0485\/84.01.65<\/p>\n","protected":false},"author":1,"featured_media":21,"parent":0,"menu_order":0,"comment_status":"closed","ping_status":"closed","template":"","meta":{"footnotes":""},"class_list":["post-42","page","type-page","status-publish","has-post-thumbnail","hentry"],"_links":{"self":[{"href":"https:\/\/psychologue-valkenborgh.be\/index.php\/wp-json\/wp\/v2\/pages\/42","targetHints":{"allow":["GET"]}}],"collection":[{"href":"https:\/\/psychologue-valkenborgh.be\/index.php\/wp-json\/wp\/v2\/pages"}],"about":[{"href":"https:\/\/psychologue-valkenborgh.be\/index.php\/wp-json\/wp\/v2\/types\/page"}],"author":[{"embeddable":true,"href":"https:\/\/psychologue-valkenborgh.be\/index.php\/wp-json\/wp\/v2\/users\/1"}],"replies":[{"embeddable":true,"href":"https:\/\/psychologue-valkenborgh.be\/index.php\/wp-json\/wp\/v2\/comments?post=42"}],"version-history":[{"count":11,"href":"https:\/\/psychologue-valkenborgh.be\/index.php\/wp-json\/wp\/v2\/pages\/42\/revisions"}],"predecessor-version":[{"id":118,"href":"https:\/\/psychologue-valkenborgh.be\/index.php\/wp-json\/wp\/v2\/pages\/42\/revisions\/118"}],"wp:featuredmedia":[{"embeddable":true,"href":"https:\/\/psychologue-valkenborgh.be\/index.php\/wp-json\/wp\/v2\/media\/21"}],"wp:attachment":[{"href":"https:\/\/psychologue-valkenborgh.be\/index.php\/wp-json\/wp\/v2\/media?parent=42"}],"curies":[{"name":"wp","href":"https:\/\/api.w.org\/{rel}","templated":true}]}}